{"id":181,"date":"2025-01-22T12:47:34","date_gmt":"2025-01-22T12:47:34","guid":{"rendered":"http:\/\/localhost:8080\/?page_id=181"},"modified":"2025-05-15T13:35:30","modified_gmt":"2025-05-15T13:35:30","slug":"contact","status":"publish","type":"page","link":"https:\/\/acceleratia.ro\/en\/contact\/","title":{"rendered":"Contact"},"content":{"rendered":"\n<p class=\"has-normal-font-size\"><strong>Trimite-ne un mesaj<\/strong><\/p>\n\n\n\n<p>Suntem preg\u0103ti\u021bi s\u0103 v\u0103 sus\u021binem \u00een dezvoltarea afacerii dumneavoastr\u0103 \u00een industria accesoriilor auto.&nbsp;&nbsp;<\/p>\n\n\n\n<ul class=\"wp-block-list\">\n<li><strong>Formular de Contact<\/strong>: Completa\u021bi formularul de contact \u0219i v\u0103 vom r\u0103spunde \u00een cel mai scurt timp posibil.<\/li>\n\n\n\n<li><strong>Program de Lucru<\/strong>: Luni &#8211; Vineri: 8:00 &#8211; 19:00<\/li>\n<\/ul>\n\n\n\n<p><\/p>\n\n\n<div class=\"wpforms-container wpforms-container-full wpforms-block wpforms-block-1967969c-25e9-4c2a-9bcd-87440c1ad554 wpforms-render-modern\" id=\"wpforms-179\"><form id=\"wpforms-form-179\" class=\"wpforms-validate wpforms-form wpforms-ajax-form\" data-formid=\"179\" method=\"post\" enctype=\"multipart\/form-data\" action=\"\/en\/wp-json\/wp\/v2\/pages\/181\" data-token=\"11c4de8d36e93d5d36ac08b6c1ebe9e9\" data-token-time=\"1778704010\"><noscript class=\"wpforms-error-noscript\">Please enable JavaScript in your browser to complete this form.<\/noscript><div id=\"wpforms-error-noscript\" style=\"display: none;\">Please enable JavaScript in your browser to complete this form.<\/div><div class=\"wpforms-field-container\">\t\t<div id=\"wpforms-179-field_4-container\"\n\t\t\tclass=\"wpforms-field wpforms-field-text\"\n\t\t\tdata-field-type=\"text\"\n\t\t\tdata-field-id=\"4\"\n\t\t\t>\n\t\t\t<label class=\"wpforms-field-label\" for=\"wpforms-179-field_4\" >Comentariu sau Nume<\/label>\n\t\t\t<input type=\"text\" id=\"wpforms-179-field_4\" class=\"wpforms-field-medium\" name=\"wpforms[fields][4]\" >\n\t\t<\/div>\n\t\t<div id=\"wpforms-179-field_1-container\" class=\"wpforms-field wpforms-field-name\" data-field-id=\"1\"><label class=\"wpforms-field-label\" for=\"wpforms-179-field_1\">Nume <span class=\"wpforms-required-label\" aria-hidden=\"true\">*<\/span><\/label><input type=\"text\" id=\"wpforms-179-field_1\" class=\"wpforms-field-medium wpforms-field-required\" name=\"wpforms[fields][1]\" aria-errormessage=\"wpforms-179-field_1-error\" required><\/div><div id=\"wpforms-179-field_2-container\" class=\"wpforms-field wpforms-field-email\" data-field-id=\"2\"><label class=\"wpforms-field-label\" for=\"wpforms-179-field_2\">Email <span class=\"wpforms-required-label\" aria-hidden=\"true\">*<\/span><\/label><input type=\"email\" id=\"wpforms-179-field_2\" class=\"wpforms-field-medium wpforms-field-required\" name=\"wpforms[fields][2]\" spellcheck=\"false\" aria-errormessage=\"wpforms-179-field_2-error\" required><\/div><div id=\"wpforms-179-field_3-container\" class=\"wpforms-field wpforms-field-textarea\" data-field-id=\"3\"><label class=\"wpforms-field-label\" for=\"wpforms-179-field_3\">Comentariu sau Mesaj <span class=\"wpforms-required-label\" aria-hidden=\"true\">*<\/span><\/label><textarea id=\"wpforms-179-field_3\" class=\"wpforms-field-medium wpforms-field-required\" name=\"wpforms[fields][3]\" aria-errormessage=\"wpforms-179-field_3-error\" required><\/textarea><\/div><script>\n\t\t\t\t( function() {\n\t\t\t\t\tconst style = document.createElement( 'style' );\n\t\t\t\t\tstyle.appendChild( document.createTextNode( '#wpforms-179-field_4-container { position: absolute !important; overflow: hidden !important; display: inline !important; height: 1px !important; width: 1px !important; z-index: -1000 !important; padding: 0 !important; } #wpforms-179-field_4-container input { visibility: hidden; } #wpforms-conversational-form-page #wpforms-179-field_4-container label { counter-increment: none; }' ) );\n\t\t\t\t\tdocument.head.appendChild( style );\n\t\t\t\t\tdocument.currentScript?.remove();\n\t\t\t\t} )();\n\t\t\t<\/script><\/div><!-- .wpforms-field-container --><div class=\"wpforms-submit-container\" ><input type=\"hidden\" name=\"wpforms[id]\" value=\"179\"><input type=\"hidden\" name=\"page_title\" value=\"\"><input type=\"hidden\" name=\"page_url\" value=\"https:\/\/acceleratia.ro\/en\/wp-json\/wp\/v2\/pages\/181\"><input type=\"hidden\" name=\"url_referer\" value=\"\"><button type=\"submit\" name=\"wpforms[submit]\" id=\"wpforms-submit-179\" class=\"wpforms-submit\" data-alt-text=\"Sending...\" data-submit-text=\"Trimite\" aria-live=\"assertive\" value=\"wpforms-submit\">Trimite<\/button><img loading=\"lazy\" decoding=\"async\" src=\"https:\/\/acceleratia.ro\/wp-content\/plugins\/wpforms-lite\/assets\/images\/submit-spin.svg\" class=\"wpforms-submit-spinner\" style=\"display: none;\" width=\"26\" height=\"26\" alt=\"Loading\"><\/div><\/form><\/div>  <!-- .wpforms-container -->","protected":false},"excerpt":{"rendered":"<p>Send us a message We are ready to support you in developing your business in the auto accessories industry.&nbsp;&nbsp;<\/p>","protected":false},"author":1,"featured_media":0,"parent":0,"menu_order":0,"comment_status":"closed","ping_status":"closed","template":"","meta":{"footnotes":""},"class_list":["post-181","page","type-page","status-publish","hentry"],"yoast_head":"<!-- This site is optimized with the Yoast SEO plugin v27.4 - https:\/\/yoast.com\/product\/yoast-seo-wordpress\/ -->\n<title>Contact - ACCELERATIA<\/title>\n<meta name=\"description\" content=\"Trimite-ne un mesaj! Suntem preg\u0103ti\u021bi s\u0103 v\u0103 sus\u021binem \u00een dezvoltarea afacerii dumneavoastr\u0103 \u00een industria accesoriilor auto.\" \/>\n<meta name=\"robots\" content=\"index, follow, max-snippet:-1, max-image-preview:large, max-video-preview:-1\" \/>\n<link rel=\"canonical\" href=\"https:\/\/acceleratia.ro\/en\/contact\/\" \/>\n<meta property=\"og:locale\" content=\"en_US\" \/>\n<meta property=\"og:type\" content=\"article\" \/>\n<meta property=\"og:title\" content=\"Contact - ACCELERATIA\" \/>\n<meta property=\"og:description\" content=\"Trimite-ne un mesaj! Suntem preg\u0103ti\u021bi s\u0103 v\u0103 sus\u021binem \u00een dezvoltarea afacerii dumneavoastr\u0103 \u00een industria accesoriilor auto.\" \/>\n<meta property=\"og:url\" content=\"https:\/\/acceleratia.ro\/en\/contact\/\" \/>\n<meta property=\"og:site_name\" content=\"ACCELERATIA\" \/>\n<meta property=\"article:modified_time\" content=\"2025-05-15T13:35:30+00:00\" \/>\n<meta name=\"twitter:card\" content=\"summary_large_image\" \/>\n<meta name=\"twitter:label1\" content=\"Est. reading time\" \/>\n\t<meta name=\"twitter:data1\" content=\"1 minute\" \/>\n<script type=\"application\/ld+json\" class=\"yoast-schema-graph\">{\"@context\":\"https:\\\/\\\/schema.org\",\"@graph\":[{\"@type\":\"WebPage\",\"@id\":\"https:\\\/\\\/acceleratia.ro\\\/contact\\\/\",\"url\":\"https:\\\/\\\/acceleratia.ro\\\/contact\\\/\",\"name\":\"Contact - ACCELERATIA\",\"isPartOf\":{\"@id\":\"https:\\\/\\\/acceleratia.ro\\\/#website\"},\"datePublished\":\"2025-01-22T12:47:34+00:00\",\"dateModified\":\"2025-05-15T13:35:30+00:00\",\"description\":\"Trimite-ne un mesaj! Suntem preg\u0103ti\u021bi s\u0103 v\u0103 sus\u021binem \u00een dezvoltarea afacerii dumneavoastr\u0103 \u00een industria accesoriilor auto.\",\"breadcrumb\":{\"@id\":\"https:\\\/\\\/acceleratia.ro\\\/contact\\\/#breadcrumb\"},\"inLanguage\":\"en-US\",\"potentialAction\":[{\"@type\":\"ReadAction\",\"target\":[\"https:\\\/\\\/acceleratia.ro\\\/contact\\\/\"]}]},{\"@type\":\"BreadcrumbList\",\"@id\":\"https:\\\/\\\/acceleratia.ro\\\/contact\\\/#breadcrumb\",\"itemListElement\":[{\"@type\":\"ListItem\",\"position\":1,\"name\":\"Prima pagin\u0103\",\"item\":\"https:\\\/\\\/acceleratia.ro\\\/\"},{\"@type\":\"ListItem\",\"position\":2,\"name\":\"Contact\"}]},{\"@type\":\"WebSite\",\"@id\":\"https:\\\/\\\/acceleratia.ro\\\/#website\",\"url\":\"https:\\\/\\\/acceleratia.ro\\\/\",\"name\":\"ACCELERATIA\",\"description\":\"\",\"publisher\":{\"@id\":\"https:\\\/\\\/acceleratia.ro\\\/#organization\"},\"potentialAction\":[{\"@type\":\"SearchAction\",\"target\":{\"@type\":\"EntryPoint\",\"urlTemplate\":\"https:\\\/\\\/acceleratia.ro\\\/?s={search_term_string}\"},\"query-input\":{\"@type\":\"PropertyValueSpecification\",\"valueRequired\":true,\"valueName\":\"search_term_string\"}}],\"inLanguage\":\"en-US\"},{\"@type\":\"Organization\",\"@id\":\"https:\\\/\\\/acceleratia.ro\\\/#organization\",\"name\":\"ACCELERATIA\",\"url\":\"https:\\\/\\\/acceleratia.ro\\\/\",\"logo\":{\"@type\":\"ImageObject\",\"inLanguage\":\"en-US\",\"@id\":\"https:\\\/\\\/acceleratia.ro\\\/#\\\/schema\\\/logo\\\/image\\\/\",\"url\":\"https:\\\/\\\/acceleratia.ro\\\/wp-content\\\/uploads\\\/2025\\\/01\\\/Acceleratia_5_Logo-03-scaled.jpg\",\"contentUrl\":\"https:\\\/\\\/acceleratia.ro\\\/wp-content\\\/uploads\\\/2025\\\/01\\\/Acceleratia_5_Logo-03-scaled.jpg\",\"width\":2560,\"height\":1370,\"caption\":\"ACCELERATIA\"},\"image\":{\"@id\":\"https:\\\/\\\/acceleratia.ro\\\/#\\\/schema\\\/logo\\\/image\\\/\"}}]}<\/script>\n<!-- \/ Yoast SEO plugin. -->","yoast_head_json":{"title":"Contact - ACCELERATION","description":"Send us a message! We are ready to support you in developing your business in the auto accessories industry.","robots":{"index":"index","follow":"follow","max-snippet":"max-snippet:-1","max-image-preview":"max-image-preview:large","max-video-preview":"max-video-preview:-1"},"canonical":"https:\/\/acceleratia.ro\/en\/contact\/","og_locale":"en_US","og_type":"article","og_title":"Contact - ACCELERATIA","og_description":"Trimite-ne un mesaj! Suntem preg\u0103ti\u021bi s\u0103 v\u0103 sus\u021binem \u00een dezvoltarea afacerii dumneavoastr\u0103 \u00een industria accesoriilor auto.","og_url":"https:\/\/acceleratia.ro\/en\/contact\/","og_site_name":"ACCELERATIA","article_modified_time":"2025-05-15T13:35:30+00:00","twitter_card":"summary_large_image","twitter_misc":{"Est. reading time":"1 minute"},"schema":{"@context":"https:\/\/schema.org","@graph":[{"@type":"WebPage","@id":"https:\/\/acceleratia.ro\/contact\/","url":"https:\/\/acceleratia.ro\/contact\/","name":"Contact - ACCELERATION","isPartOf":{"@id":"https:\/\/acceleratia.ro\/#website"},"datePublished":"2025-01-22T12:47:34+00:00","dateModified":"2025-05-15T13:35:30+00:00","description":"Send us a message! We are ready to support you in developing your business in the auto accessories industry.","breadcrumb":{"@id":"https:\/\/acceleratia.ro\/contact\/#breadcrumb"},"inLanguage":"en-US","potentialAction":[{"@type":"ReadAction","target":["https:\/\/acceleratia.ro\/contact\/"]}]},{"@type":"BreadcrumbList","@id":"https:\/\/acceleratia.ro\/contact\/#breadcrumb","itemListElement":[{"@type":"ListItem","position":1,"name":"Prima pagin\u0103","item":"https:\/\/acceleratia.ro\/"},{"@type":"ListItem","position":2,"name":"Contact"}]},{"@type":"WebSite","@id":"https:\/\/acceleratia.ro\/#website","url":"https:\/\/acceleratia.ro\/","name":"ACCELERATION","description":"","publisher":{"@id":"https:\/\/acceleratia.ro\/#organization"},"potentialAction":[{"@type":"SearchAction","target":{"@type":"EntryPoint","urlTemplate":"https:\/\/acceleratia.ro\/?s={search_term_string}"},"query-input":{"@type":"PropertyValueSpecification","valueRequired":true,"valueName":"search_term_string"}}],"inLanguage":"en-US"},{"@type":"Organization","@id":"https:\/\/acceleratia.ro\/#organization","name":"ACCELERATION","url":"https:\/\/acceleratia.ro\/","logo":{"@type":"ImageObject","inLanguage":"en-US","@id":"https:\/\/acceleratia.ro\/#\/schema\/logo\/image\/","url":"https:\/\/acceleratia.ro\/wp-content\/uploads\/2025\/01\/Acceleratia_5_Logo-03-scaled.jpg","contentUrl":"https:\/\/acceleratia.ro\/wp-content\/uploads\/2025\/01\/Acceleratia_5_Logo-03-scaled.jpg","width":2560,"height":1370,"caption":"ACCELERATIA"},"image":{"@id":"https:\/\/acceleratia.ro\/#\/schema\/logo\/image\/"}}]}},"_links":{"self":[{"href":"https:\/\/acceleratia.ro\/en\/wp-json\/wp\/v2\/pages\/181","targetHints":{"allow":["GET"]}}],"collection":[{"href":"https:\/\/acceleratia.ro\/en\/wp-json\/wp\/v2\/pages"}],"about":[{"href":"https:\/\/acceleratia.ro\/en\/wp-json\/wp\/v2\/types\/page"}],"author":[{"embeddable":true,"href":"https:\/\/acceleratia.ro\/en\/wp-json\/wp\/v2\/users\/1"}],"replies":[{"embeddable":true,"href":"https:\/\/acceleratia.ro\/en\/wp-json\/wp\/v2\/comments?post=181"}],"version-history":[{"count":6,"href":"https:\/\/acceleratia.ro\/en\/wp-json\/wp\/v2\/pages\/181\/revisions"}],"predecessor-version":[{"id":5906534817224,"href":"https:\/\/acceleratia.ro\/en\/wp-json\/wp\/v2\/pages\/181\/revisions\/5906534817224"}],"wp:attachment":[{"href":"https:\/\/acceleratia.ro\/en\/wp-json\/wp\/v2\/media?parent=181"}],"curies":[{"name":"wp","href":"https:\/\/api.w.org\/{rel}","templated":true}]}}